{"id":340,"date":"2025-01-20T11:54:30","date_gmt":"2025-01-20T11:54:30","guid":{"rendered":"https:\/\/babylab.dpss.psy.unipd.it\/babylab\/?page_id=340"},"modified":"2025-02-26T08:57:39","modified_gmt":"2025-02-26T08:57:39","slug":"informazioni-e-faqs","status":"publish","type":"page","link":"https:\/\/babylab.dpss.psy.unipd.it\/babylab\/informazioni-e-faqs\/","title":{"rendered":"Informazioni e FAQs"},"content":{"rendered":"\t\t<div data-elementor-type=\"wp-page\" data-elementor-id=\"340\" class=\"elementor elementor-340\" data-elementor-post-type=\"page\">\n\t\t\t\t\t\t<section class=\"elementor-section elementor-top-section elementor-element elementor-element-1bafeaa3 elementor-section-full_width elementor-section-height-min-height elementor-section-height-default elementor-section-items-middle\" data-id=\"1bafeaa3\" data-element_type=\"section\">\n\t\t\t\t\t\t<div class=\"elementor-container elementor-column-gap-default\">\n\t\t\t\t\t<div class=\"elementor-column elementor-col-100 elementor-top-column elementor-element elementor-element-75b37e3c\" data-id=\"75b37e3c\" data-element_type=\"column\">\n\t\t\t<div class=\"elementor-widget-wrap elementor-element-populated\">\n\t\t\t\t<div class=\"elementor-element elementor-element-8bad1c0 e-flex e-con-boxed e-con e-parent\" data-id=\"8bad1c0\" data-element_type=\"container\">\n\t\t\t\t\t<div class=\"e-con-inner\">\n\t\t<div class=\"elementor-element elementor-element-912a4f2 e-grid e-con-full e-con e-child\" data-id=\"912a4f2\" data-element_type=\"container\">\n\t\t\t\t<div class=\"elementor-element elementor-element-fd745d4 elementor-widget elementor-widget-text-editor\" data-id=\"fd745d4\" data-element_type=\"widget\" data-widget_type=\"text-editor.default\">\n\t\t\t\t<div class=\"elementor-widget-container\">\n\t\t\t\t\t\t\t\t\t<h1 class=\"heading\" style=\"text-align: center;\">In presenza e ONLINE<\/h1><p style=\"text-align: center;\">Le nostre ricerche sono condotte nei laboratori del Dipartimento di Psicologia dello Sviluppo e della Socializzazione oppure ONLINE. In accordo con gli asili, possono essere organizzati incontri direttamente nelle aule dei bambini <\/p>\t\t\t\t\t\t\t\t<\/div>\n\t\t\t\t<\/div>\n\t\t\t\t<div class=\"elementor-element elementor-element-dc5629e elementor-widget elementor-widget-text-editor\" data-id=\"dc5629e\" data-element_type=\"widget\" data-widget_type=\"text-editor.default\">\n\t\t\t\t<div class=\"elementor-widget-container\">\n\t\t\t\t\t\t\t\t\t<h1 class=\"heading\" style=\"text-align: center;\">Sicurezza<\/h1><p style=\"text-align: center;\">Tutti le nostre ricerche utilizzano metodologie non pericolose e sono approvate dal Comitato Etico della Ricerca Psicologica dell\u2019Universit\u00e0 degli Studi di Padova.<\/p>\t\t\t\t\t\t\t\t<\/div>\n\t\t\t\t<\/div>\n\t\t\t\t<div class=\"elementor-element elementor-element-c997782 elementor-widget elementor-widget-text-editor\" data-id=\"c997782\" data-element_type=\"widget\" data-widget_type=\"text-editor.default\">\n\t\t\t\t<div class=\"elementor-widget-container\">\n\t\t\t\t\t\t\t\t\t<h1 class=\"heading\" style=\"text-align: center;\">Anonimato e rispetto privacy<\/h1><p style=\"text-align: center;\">I dati raccolti durante gli studi sono resi anonimi e analizzati in forma aggregata. I dati personali sono trattati secondo le vigenti normative di legge in materia di protezione dei dati personali (D. Lgs 196\/2003 e UE GDPR 679\/2016).\u00a0<\/p><p style=\"text-align: center;\"><span style=\"color: #800000;\"><a style=\"color: #800000;\" href=\"https:\/\/babylab.dpss.psy.unipd.it\/babylab\/index.php\/privacy\">Maggiori informazioni<\/a><\/span>.<\/p>\t\t\t\t\t\t\t\t<\/div>\n\t\t\t\t<\/div>\n\t\t\t\t<\/div>\n\t\t\t\t\t<\/div>\n\t\t\t\t<\/div>\n\t\t\t\t\t<\/div>\n\t\t<\/div>\n\t\t\t\t\t<\/div>\n\t\t<\/section>\n\t\t\t\t<section class=\"elementor-section elementor-top-section elementor-element elementor-element-209591b9 elementor-section-full_width elementor-section-height-default elementor-section-height-default\" data-id=\"209591b9\" data-element_type=\"section\">\n\t\t\t\t\t\t<div class=\"elementor-container elementor-column-gap-default\">\n\t\t\t\t\t<div class=\"elementor-column elementor-col-100 elementor-top-column elementor-element elementor-element-1318eb4b\" data-id=\"1318eb4b\" data-element_type=\"column\">\n\t\t\t<div class=\"elementor-widget-wrap elementor-element-populated\">\n\t\t\t\t<div class=\"elementor-element elementor-element-de71e61 e-flex e-con-boxed e-con e-parent\" data-id=\"de71e61\" data-element_type=\"container\">\n\t\t\t\t\t<div class=\"e-con-inner\">\n\t\t\t\t<div class=\"elementor-element elementor-element-993f5a0 elementor-widget elementor-widget-text-editor\" data-id=\"993f5a0\" data-element_type=\"widget\" data-widget_type=\"text-editor.default\">\n\t\t\t\t<div class=\"elementor-widget-container\">\n\t\t\t\t\t\t\t\t\t<h3 class=\"heading\">FAQs (Frequently Asked Questions)<\/h3><div><p class=\"heading\" style=\"padding-left: 40px;\"><em><strong>&#8211;<\/strong> <strong>Cosa comporta partecipare a una ricerca?<\/strong><\/em><\/p><p>Una volta ricevuta la nostra chiamata di invito a prendere parte a uno studio in corso, se decide che suo\/a figlio\/a pu\u00f2 partecipare, verr\u00e0 fissato un appuntamento. Nel giorno prefissato Lei e suo\/a figlio\/a verrete accolti nelle strutture del Babylab, o sulle piattaforme online, dal ricercatore referente che vi dar\u00e0 il benvenuto e vi spiegher\u00e0 in cosa consister\u00e0 lo studio. Verr\u00e0 chiesto, poi, a entrambi i genitori di firmare il consenso informato alla partecipazione del proprio\/a figlio\/a prima di iniziare l\u2019esperimento vero e proprio. Nel caso in cui uno solo dei genitori sar\u00e0 presente il giorno dell\u2019esperimento il consenso informato verr\u00e0 mandato anticipatamente tramite email affinch\u00e9 anche l\u2019altro genitore possa firmarlo prima dell\u2019appuntamento fissato.<\/p><\/div><p class=\"heading\" style=\"padding-left: 40px;\"><strong><em>&#8211; Una volta compilato il modulo saremo obbligati a partecipare alle ricerche del Babylab?<\/em><\/strong><\/p><p>No. La compilazione del modulo serve solo a manifestare la vostra disponibilit\u00e0 a essere contattati per prendere parte alle ricerche. Quando vostro\/a figlio\/a avr\u00e0 l\u2019et\u00e0 adatta per poter partecipare ad un nostro progetto di ricerca sarete contattati ai recapiti che avete indicato. Vi descriveremo lo scopo e le modalit\u00e0 dello studio e potrete scegliere di partecipare o meno senza fornire spiegazioni.\u00a0<\/p><p class=\"heading\" style=\"padding-left: 40px;\"><strong><em>&#8211; Come sono fissati gli appuntamenti?<\/em><\/strong><\/p><p>Quando viene organizzato uno studio che potrebbe coinvolgere il\/la suo\/a bambino\/a e Lei ha acconsentito, in accordo con l\u2019altro genitore, alla sua partecipazione fisser\u00e0 insieme ai ricercatori referenti l\u2019appuntamento che meglio combacia con le vostre disponibilit\u00e0. Gli studi che vengono condotti al Babylab sono finalizzati a esplorare processi psicologici a diverse tappe di sviluppo. Per questo motivo suo\/a figlio\/a potr\u00e0 partecipare agli studi che coinvolgono i bambini della sua et\u00e0. A seconda di quali esperimenti sono in programma, \u00e8 possibile che una volta effettuata l\u2019iscrizione al Babylab sia necessario aspettare prima di poter partecipare a un esperimento oppure pu\u00f2 accadere che suo\/a figlio\/a possa essere coinvolto in pi\u00f9 di un esperimento in una periodo di tempo ravvicinato.\u00a0<\/p><p class=\"heading\" style=\"padding-left: 40px;\"><em><strong>&#8211;<\/strong> <strong>Deve esserci anche l\u2019altro genitore di mio\/a figlio\/a il giorno dell\u2019appuntamento?<\/strong><\/em><\/p><p>Non \u00e8 necessario che anche l\u2019altro genitore sia presente il giorno dell\u2019esperimento ma sar\u00e0 indispensabile che firmi in anticipo il consenso informato che vi invieremo via email per acconsentire alla partecipazione di vostro\/a figlio\/a alla ricerca.\u00a0<\/p><p class=\"heading\" style=\"padding-left: 40px;\"><strong><em>&#8211; Posso portare gli altri miei figli?<\/em><\/strong><\/p><p>S\u00ec, c\u2019\u00e8 una stanza dedicata all\u2019accoglienza dove possono giocare sotto la supervisione di un membro dello staff del Babylab. Ce lo comunichi in anticipo cos\u00ec possiamo organizzarci!\u00a0<\/p><p class=\"heading\" style=\"padding-left: 40px;\"><strong><em>&#8211; Quali metodi sono utilizzati per studiare il comportamento dei bambini in laboratorio?<\/em><\/strong><\/p><p>Durante alcuni studi del Babylab i bambini vengono osservati mentre giocano da soli, con i genitori o con i ricercatori. In altri guardano lo schermo di un computer sul quale vengono proiettati diversi stimoli visivi e\/o uditivi, per esempio figure geometriche, mentre l\u2019eye-tracker, uno strumento che rileva a distanza la direzione e la durata della fissazione visiva, segue il loro sguardo. Infine, in altri studi ancora viene registrata l\u2019attivit\u00e0 cerebrale dei bambini attraverso la tecnica dell\u2019elettroencefalografia (EEG) o la spettroscopia funzionale nel vicino infrarosso (fNIRS) mentre osservano gli stimoli sullo schermo del computer.<strong>\u00a0Tutte queste tecniche di indagine sono sicure e non invasive.<\/strong>\u00a0 Per scoprire di pi\u00f9 su queste tecniche cliccate sopra il loro nome: un video esplicativo vi mostrer\u00e0 come funzionano!\u00a0<\/p><p class=\"heading\" style=\"padding-left: 40px;\"><strong><em>&#8211; Quali metodi sono utilizzati per studiare il comportamento dei bambini online?<\/em><\/strong><\/p><p>Durante gli studi online lei e il\/la suo\/a bambino\/a interagirete con i ricercatori attraverso le piattaforme ZOOM e\/o Labvanced. Verr\u00e0 osservato il comportamento di suo\/a figlio\/a quando \u00e8 coinvolto\/a in particolari giochi che prevedono l\u2019osservazione di immagini piuttosto che l\u2019ascolto di suoni o la visione di brevi filmati.\u00a0<\/p><p class=\"heading\" style=\"padding-left: 40px;\"><strong><em>&#8211; Sar\u00f2 separato\/a da mio\/a figlio\/a?<\/em><\/strong><\/p><p>No, sar\u00e0 con suo\/a figlio\/a tutto il tempo. Indipendentemente dal fatto che suo\/a figlio\/a sieda sulle sue gambe oppure su un\u2019apposita seduta, Lei sar\u00e0 sempre nella stessa stanza vicino a lui\/lei.\u00a0<\/p><p class=\"heading\" style=\"padding-left: 40px;\"><strong><em>&#8211; Quanto dura un esperimento?<\/em><\/strong><\/p><p>L\u2019esperienza complessiva al Babylab dura circa 45 minuti, dal momento dell\u2019accoglienza al momento dei saluti e dei ringraziamenti. Lo spazio dedicato all\u2019esperimento vero e proprio \u00e8 di circa 15-20 minuti. Si tratta di tempi indicativi perch\u00e9 a ogni bambino\/a viene lasciata la possibilit\u00e0 di partecipare agli studi secondo le proprie esigenze.\u00a0<\/p><p class=\"heading\" style=\"padding-left: 40px;\"><strong><em>&#8211; Quali svantaggi ci sono a partecipare?<\/em><\/strong><\/p><p class=\"heading\">Nessuno. La partecipazione alle nostre ricerche non comporta prevedibili rischi o disagi per suo\/a figlio\/a e Lei.\u00a0<\/p><p class=\"heading\" style=\"padding-left: 40px;\"><strong><em>&#8211; Quali vantaggi ci sono a partecipare?<\/em><\/strong><\/p><p>Il\/la suo\/a bambino\/a far\u00e0 un\u2019esperienza differente da quelle usuali, incontrer\u00e0 nuovi giochi e nuove persone. E poich\u00e9, con la sua partecipazione agli studi del Babylab contribuir\u00e0 all\u2019ampliamento delle conoscenze scientifiche riguardo ai processi psicologici in et\u00e0 evolutiva, ricever\u00e0 un attestato di partecipazione come ringraziamento e riconoscimento del suo impegno come piccolo scienziato!<br \/>Lei, invece, avr\u00e0 la possibilit\u00e0 di confrontarsi con i ricercatori riguardo i temi oggetto della ricerca in corso e le recenti scoperte psicologiche in ambito dell\u2019et\u00e0 evolutiva. Potr\u00e0 anche chiedere di essere informato\/a sui risultati dello studio a cui Lei e suo\/a figlio\/a avete preso parte, una volta concluso!\u00a0<\/p><p class=\"heading\" style=\"padding-left: 40px;\"><strong><em>&#8211; Come saranno trattati e conservati i dati di mio\/a figlio\/a?<\/em><\/strong><\/p><p>I dati di suo\/a figlio\/a verranno trattati secondo le vigenti normative di legge in materia di protezione dei dati personali\u00a0 (D. Lgs 196\/2003 e UE GDPR 679\/2016).<br \/>Inoltre, i dati raccolti durante le ricerche saranno resi\u00a0<strong>anonimi<\/strong>\u00a0affinch\u00e9 non siano riconducibili a lui\/lei e verranno analizzati in forma aggregata con quelli di tutti gli altri partecipanti a fini scientifici e non clinici.\u00a0<\/p><p class=\"heading\"><strong><em>Come raggiungo il Babylab?<\/em><\/strong><\/p><p><span style=\"color: #800000;\"><a style=\"color: #800000;\" href=\"https:\/\/babylab.dpss.psy.unipd.it\/babylab\/index.php\/contatti\/\">Clicchi qui.<\/a>\u00a0<\/span><\/p><p class=\"heading\"><strong><em>Come posso iscrivermi al <\/em><\/strong><\/p><p><strong><em>Babylab?<\/em><\/strong><\/p><p><a href=\"https:\/\/lilia.dpss.psy.unipd.it\/babylab\/partecipa-form.php\"><span style=\"color: #800000;\">Clicchi qui.\u00a0<\/span><\/a><\/p><p>Se le sue domande sono rimaste senza risposta, non esiti a chiamarci al n\u00b0\u00a00498276549\u00a0 o a inviarci una email all\u2019indirizzo\u00a0<a href=\"mailto:babylab.dpss@unipd.it\">babylab.dpss@unipd.it<\/a>. Avremo piacere di chiarire ogni dubbio!<\/p>\t\t\t\t\t\t\t\t<\/div>\n\t\t\t\t<\/div>\n\t\t\t\t\t<\/div>\n\t\t\t\t<\/div>\n\t\t\t\t\t<\/div>\n\t\t<\/div>\n\t\t\t\t\t<\/div>\n\t\t<\/section>\n\t\t\t\t<section class=\"elementor-section elementor-top-section elementor-element elementor-element-666dd8e5 elementor-section-full_width elementor-section-height-min-height elementor-section-height-default elementor-section-items-middle\" data-id=\"666dd8e5\" data-element_type=\"section\">\n\t\t\t\t\t\t<div class=\"elementor-container elementor-column-gap-default\">\n\t\t\t\t\t<div class=\"elementor-column elementor-col-100 elementor-top-column elementor-element elementor-element-16ca75d6\" data-id=\"16ca75d6\" data-element_type=\"column\">\n\t\t\t<div class=\"elementor-widget-wrap\">\n\t\t\t\t\t\t\t<\/div>\n\t\t<\/div>\n\t\t\t\t\t<\/div>\n\t\t<\/section>\n\t\t\t\t<\/div>\n\t\t","protected":false},"excerpt":{"rendered":"<p>In presenza e ONLINE Le nostre ricerche sono condotte nei laboratori del Dipartimento di Psicologia dello Sviluppo e della Socializzazione oppure ONLINE. In accordo con gli asili, possono essere organizzati incontri direttamente nelle aule dei bambini Sicurezza Tutti le nostre ricerche utilizzano metodologie non pericolose e sono approvate dal Comitato Etico della Ricerca Psicologica dell\u2019Universit\u00e0 [&hellip;]<\/p>\n","protected":false},"author":2,"featured_media":0,"parent":0,"menu_order":0,"comment_status":"closed","ping_status":"closed","template":"","meta":{"footnotes":""},"class_list":["post-340","page","type-page","status-publish","hentry"],"_links":{"self":[{"href":"https:\/\/babylab.dpss.psy.unipd.it\/babylab\/wp-json\/wp\/v2\/pages\/340","targetHints":{"allow":["GET"]}}],"collection":[{"href":"https:\/\/babylab.dpss.psy.unipd.it\/babylab\/wp-json\/wp\/v2\/pages"}],"about":[{"href":"https:\/\/babylab.dpss.psy.unipd.it\/babylab\/wp-json\/wp\/v2\/types\/page"}],"author":[{"embeddable":true,"href":"https:\/\/babylab.dpss.psy.unipd.it\/babylab\/wp-json\/wp\/v2\/users\/2"}],"replies":[{"embeddable":true,"href":"https:\/\/babylab.dpss.psy.unipd.it\/babylab\/wp-json\/wp\/v2\/comments?post=340"}],"version-history":[{"count":58,"href":"https:\/\/babylab.dpss.psy.unipd.it\/babylab\/wp-json\/wp\/v2\/pages\/340\/revisions"}],"predecessor-version":[{"id":1247,"href":"https:\/\/babylab.dpss.psy.unipd.it\/babylab\/wp-json\/wp\/v2\/pages\/340\/revisions\/1247"}],"wp:attachment":[{"href":"https:\/\/babylab.dpss.psy.unipd.it\/babylab\/wp-json\/wp\/v2\/media?parent=340"}],"curies":[{"name":"wp","href":"https:\/\/api.w.org\/{rel}","templated":true}]}}