{"id":822,"date":"2025-01-27T11:35:15","date_gmt":"2025-01-27T11:35:15","guid":{"rendered":"https:\/\/babylab.dpss.psy.unipd.it\/babylab\/?page_id=822"},"modified":"2025-01-27T11:37:36","modified_gmt":"2025-01-27T11:37:36","slug":"ritmo","status":"publish","type":"page","link":"https:\/\/babylab.dpss.psy.unipd.it\/babylab\/aree-di-ricerca\/ritmo\/","title":{"rendered":"RITMO"},"content":{"rendered":"\t\t<div data-elementor-type=\"wp-page\" data-elementor-id=\"822\" class=\"elementor elementor-822\" data-elementor-post-type=\"page\">\n\t\t\t\t<div class=\"elementor-element elementor-element-2c2ba3a e-flex e-con-boxed e-con e-parent\" data-id=\"2c2ba3a\" data-element_type=\"container\">\n\t\t\t\t\t<div class=\"e-con-inner\">\n\t\t\t\t<div class=\"elementor-element elementor-element-87b604b elementor-widget elementor-widget-text-editor\" data-id=\"87b604b\" data-element_type=\"widget\" data-widget_type=\"text-editor.default\">\n\t\t\t\t<div class=\"elementor-widget-container\">\n\t\t\t\t\t\t\t\t\t<h2>RITMO: I benefici dell\u2019interazione ritmica e musicale nello sviluppo<\/h2><p>\u00a0<\/p><p><img fetchpriority=\"high\" decoding=\"async\" class=\"alignnone size-medium wp-image-825\" src=\"https:\/\/babylab.dpss.psy.unipd.it\/babylab\/wp-content\/uploads\/2025\/01\/studio-ritmo-300x225.jpg\" alt=\"\" width=\"300\" height=\"225\" srcset=\"https:\/\/babylab.dpss.psy.unipd.it\/babylab\/wp-content\/uploads\/2025\/01\/studio-ritmo-300x225.jpg 300w, https:\/\/babylab.dpss.psy.unipd.it\/babylab\/wp-content\/uploads\/2025\/01\/studio-ritmo-16x12.jpg 16w, https:\/\/babylab.dpss.psy.unipd.it\/babylab\/wp-content\/uploads\/2025\/01\/studio-ritmo.jpg 438w\" sizes=\"(max-width: 300px) 100vw, 300px\" \/><\/p><div>\u00a0<\/div><div>Le abilit\u00e0 ritmiche e musicali sono profondamente radicate nello sviluppo umano. Diversi studi indicano che l&#8217;elaborazione ritmica avviene gi\u00e0 a livello prenatale, sintonizzando i bambini su determinati suoni che supportano la percezione della musica dopo la nascita. Queste esperienze ritmiche multisensoriali continuano per tutta la vita grazie all&#8217;interazione musicale spontanea che i genitori offrono in situazioni quotidiane. Il progetto RITMO cerca di scoprire le origini delle abilit\u00e0 ritmiche e musicali e l&#8217;impatto dell&#8217;esposizione musicale sul loro sviluppo nei primi anni di vita. In particolare, utilizzando la fNIRS, una tecnica di neuroimmagine ampiamente utilizzata, questo progetto studia se, alla nascita, i neonati elaborano e integrano le informazioni linguistiche, musicali e melodiche presenti contemporaneamente nelle canzoni. Inoltre, si pone la domanda di quando e come la risposta ritmico-motoria, che \u00e8 alla base della nostra capacit\u00e0 di sincronizzarci alla musica, si sviluppa. Per questa domanda, un&#8217;ampia coorte di bambini di et\u00e0 compresa tra i 6 e i 24 mesi viene osservata nella sua risposta motoria spontanea alla musica di diversi ritmi. Questa capacit\u00e0 \u00e8 poi messa in relazione con le abilit\u00e0 di sincronizzazione dei loro genitori.<br \/>Ricercatori coinvolti: Caterina Marino; Judit Gervain, Martina Turconi, Jesus Mauricio Encinas Riveros, Ramon Guevara Erra<br \/>\u00a0<\/div><div><br \/>(EN) Rhythmic and musical abilities are deeply rooted in human development. Several experimental evidence indicate that rhythmic processing occurs already prenatally, tuning infants to certain sound patterns that supports later music perception. These rhythmic multisensory experiences then continue throughout life thanks to the musical interaction that caregivers spontaneously offer in everyday situations. The RITMO project seeks to uncover the origins of rhythmic and musical abilities and the impact of musical exposure on their development during the early years of life. Specifically, using the fNIRS, a widely employed neuroimaging technique, this project is trying to understand whether, at birth, infants process and integrate the linguistic, musical and melodic information present simultaneously in songs. Furthermore, it addresses the question of when and how the rhythmic motor response, which underlies our ability to synchronize to music, originates. To this purpose, a large cohort of infants between 6 and 24 months is observed in their spontaneous motor response to music of different rhythms. This ability is then related to their parents&#8217; synchronization skills.<br \/>Researchers: Caterina Marino; Judit Gervain, Martina Turconi, Jesus Mauricio Encinas Riveros, Ramon Guevara Erra<\/div><div>\u00a0<\/div>\t\t\t\t\t\t\t\t<\/div>\n\t\t\t\t<\/div>\n\t\t\t\t\t<\/div>\n\t\t\t\t<\/div>\n\t\t\t\t<\/div>\n\t\t","protected":false},"excerpt":{"rendered":"<p>RITMO: I benefici dell\u2019interazione ritmica e musicale nello sviluppo \u00a0 \u00a0Le abilit\u00e0 ritmiche e musicali sono profondamente radicate nello sviluppo umano. Diversi studi indicano che l&#8217;elaborazione ritmica avviene gi\u00e0 a livello prenatale, sintonizzando i bambini su determinati suoni che supportano la percezione della musica dopo la nascita. Queste esperienze ritmiche multisensoriali continuano per tutta la [&hellip;]<\/p>\n","protected":false},"author":2,"featured_media":0,"parent":326,"menu_order":0,"comment_status":"closed","ping_status":"closed","template":"","meta":{"footnotes":""},"class_list":["post-822","page","type-page","status-publish","hentry"],"_links":{"self":[{"href":"https:\/\/babylab.dpss.psy.unipd.it\/babylab\/wp-json\/wp\/v2\/pages\/822","targetHints":{"allow":["GET"]}}],"collection":[{"href":"https:\/\/babylab.dpss.psy.unipd.it\/babylab\/wp-json\/wp\/v2\/pages"}],"about":[{"href":"https:\/\/babylab.dpss.psy.unipd.it\/babylab\/wp-json\/wp\/v2\/types\/page"}],"author":[{"embeddable":true,"href":"https:\/\/babylab.dpss.psy.unipd.it\/babylab\/wp-json\/wp\/v2\/users\/2"}],"replies":[{"embeddable":true,"href":"https:\/\/babylab.dpss.psy.unipd.it\/babylab\/wp-json\/wp\/v2\/comments?post=822"}],"version-history":[{"count":4,"href":"https:\/\/babylab.dpss.psy.unipd.it\/babylab\/wp-json\/wp\/v2\/pages\/822\/revisions"}],"predecessor-version":[{"id":828,"href":"https:\/\/babylab.dpss.psy.unipd.it\/babylab\/wp-json\/wp\/v2\/pages\/822\/revisions\/828"}],"up":[{"embeddable":true,"href":"https:\/\/babylab.dpss.psy.unipd.it\/babylab\/wp-json\/wp\/v2\/pages\/326"}],"wp:attachment":[{"href":"https:\/\/babylab.dpss.psy.unipd.it\/babylab\/wp-json\/wp\/v2\/media?parent=822"}],"curies":[{"name":"wp","href":"https:\/\/api.w.org\/{rel}","templated":true}]}}